{"id":57,"date":"2018-07-04T22:28:16","date_gmt":"2018-07-04T20:28:16","guid":{"rendered":"http:\/\/xn--rvekunst-j0a.dk\/?page_id=57"},"modified":"2024-05-04T17:11:29","modified_gmt":"2024-05-04T15:11:29","slug":"kirsten","status":"publish","type":"page","link":"http:\/\/atramentum.dk\/?page_id=57","title":{"rendered":"Kirsten \ud83e\udd8a"},"content":{"rendered":"\n<p><strong>Kirsten<\/strong> og Chico <\/p>\n\n\n\n<figure class=\"wp-block-image size-full is-resized\"><img loading=\"lazy\" decoding=\"async\" width=\"45\" height=\"45\" src=\"http:\/\/atramentum.dk\/wp-content\/uploads\/2023\/07\/image.png\" alt=\"\" class=\"wp-image-447\" style=\"width:34px;height:34px\"\/><\/figure>\n\n\n\n<p><\/p>\n\n\n\n<figure class=\"wp-block-image size-large\"><img loading=\"lazy\" decoding=\"async\" width=\"772\" height=\"1024\" src=\"http:\/\/atramentum.dk\/wp-content\/uploads\/2023\/07\/KMO140723-772x1024.jpg\" alt=\"\" class=\"wp-image-424\" srcset=\"http:\/\/atramentum.dk\/wp-content\/uploads\/2023\/07\/KMO140723-772x1024.jpg 772w, http:\/\/atramentum.dk\/wp-content\/uploads\/2023\/07\/KMO140723-226x300.jpg 226w, http:\/\/atramentum.dk\/wp-content\/uploads\/2023\/07\/KMO140723-768x1019.jpg 768w, http:\/\/atramentum.dk\/wp-content\/uploads\/2023\/07\/KMO140723.jpg 1077w\" sizes=\"auto, (max-width: 767px) 89vw, (max-width: 1000px) 54vw, (max-width: 1071px) 543px, 580px\" \/><\/figure>\n\n\n\n<h2 class=\"wp-block-heading has-text-align-center has-large-font-size\">Maratonl\u00f8b nummer 14 \ud83d\ude0e\ud83d\ude43<\/h2>\n\n\n\n<figure class=\"wp-block-gallery has-nested-images columns-default is-cropped wp-block-gallery-1 is-layout-flex wp-block-gallery-is-layout-flex\">\n<figure class=\"wp-block-image size-large\"><img loading=\"lazy\" decoding=\"async\" width=\"1024\" height=\"517\" data-id=\"479\" src=\"http:\/\/atramentum.dk\/wp-content\/uploads\/2023\/07\/Maratonloeb-nummer-14-1024x517.jpg\" alt=\"\" class=\"wp-image-479\" srcset=\"http:\/\/atramentum.dk\/wp-content\/uploads\/2023\/07\/Maratonloeb-nummer-14-1024x517.jpg 1024w, http:\/\/atramentum.dk\/wp-content\/uploads\/2023\/07\/Maratonloeb-nummer-14-300x152.jpg 300w, http:\/\/atramentum.dk\/wp-content\/uploads\/2023\/07\/Maratonloeb-nummer-14-768x388.jpg 768w, http:\/\/atramentum.dk\/wp-content\/uploads\/2023\/07\/Maratonloeb-nummer-14-1536x776.jpg 1536w, http:\/\/atramentum.dk\/wp-content\/uploads\/2023\/07\/Maratonloeb-nummer-14.jpg 1900w\" sizes=\"auto, (max-width: 767px) 89vw, (max-width: 1000px) 54vw, (max-width: 1071px) 543px, 580px\" \/><\/figure>\n<\/figure>\n\n\n<div class=\"wp-block-image\">\n<figure class=\"aligncenter size-full\"><img loading=\"lazy\" decoding=\"async\" width=\"531\" height=\"531\" src=\"http:\/\/atramentum.dk\/wp-content\/uploads\/2022\/04\/KMO3.jpg\" alt=\"\" class=\"wp-image-247\" srcset=\"http:\/\/atramentum.dk\/wp-content\/uploads\/2022\/04\/KMO3.jpg 531w, http:\/\/atramentum.dk\/wp-content\/uploads\/2022\/04\/KMO3-300x300.jpg 300w, http:\/\/atramentum.dk\/wp-content\/uploads\/2022\/04\/KMO3-150x150.jpg 150w, http:\/\/atramentum.dk\/wp-content\/uploads\/2022\/04\/KMO3-100x100.jpg 100w\" sizes=\"auto, (max-width: 531px) 100vw, 531px\" \/><\/figure>\n<\/div>\n\n\n<figure class=\"wp-block-gallery has-nested-images columns-default is-cropped wp-block-gallery-2 is-layout-flex wp-block-gallery-is-layout-flex\">\n<figure class=\"wp-block-image size-large\"><img loading=\"lazy\" decoding=\"async\" width=\"1024\" height=\"911\" data-id=\"297\" src=\"http:\/\/atramentum.dk\/wp-content\/uploads\/2022\/04\/Tegnebord1-1024x911.jpg\" alt=\"\" class=\"wp-image-297\" srcset=\"http:\/\/atramentum.dk\/wp-content\/uploads\/2022\/04\/Tegnebord1-1024x911.jpg 1024w, http:\/\/atramentum.dk\/wp-content\/uploads\/2022\/04\/Tegnebord1-300x267.jpg 300w, http:\/\/atramentum.dk\/wp-content\/uploads\/2022\/04\/Tegnebord1-768x683.jpg 768w, http:\/\/atramentum.dk\/wp-content\/uploads\/2022\/04\/Tegnebord1-1536x1367.jpg 1536w, http:\/\/atramentum.dk\/wp-content\/uploads\/2022\/04\/Tegnebord1-2048x1822.jpg 2048w\" sizes=\"auto, (max-width: 767px) 89vw, (max-width: 1000px) 54vw, (max-width: 1071px) 543px, 580px\" \/><\/figure>\n\n\n\n<figure class=\"wp-block-image size-large\"><img loading=\"lazy\" decoding=\"async\" width=\"1024\" height=\"768\" data-id=\"298\" src=\"http:\/\/atramentum.dk\/wp-content\/uploads\/2022\/04\/Tegnebord2-1024x768.jpg\" alt=\"\" class=\"wp-image-298\" srcset=\"http:\/\/atramentum.dk\/wp-content\/uploads\/2022\/04\/Tegnebord2-1024x768.jpg 1024w, http:\/\/atramentum.dk\/wp-content\/uploads\/2022\/04\/Tegnebord2-300x225.jpg 300w, http:\/\/atramentum.dk\/wp-content\/uploads\/2022\/04\/Tegnebord2-768x576.jpg 768w, http:\/\/atramentum.dk\/wp-content\/uploads\/2022\/04\/Tegnebord2-1536x1152.jpg 1536w, http:\/\/atramentum.dk\/wp-content\/uploads\/2022\/04\/Tegnebord2-2048x1536.jpg 2048w\" sizes=\"auto, (max-width: 767px) 89vw, (max-width: 1000px) 54vw, (max-width: 1071px) 543px, 580px\" \/><\/figure>\n\n\n\n<figure class=\"wp-block-image size-large\"><img loading=\"lazy\" decoding=\"async\" width=\"768\" height=\"1024\" data-id=\"299\" src=\"http:\/\/atramentum.dk\/wp-content\/uploads\/2022\/04\/Tegnebord3-768x1024.jpg\" alt=\"\" class=\"wp-image-299\" srcset=\"http:\/\/atramentum.dk\/wp-content\/uploads\/2022\/04\/Tegnebord3-768x1024.jpg 768w, http:\/\/atramentum.dk\/wp-content\/uploads\/2022\/04\/Tegnebord3-225x300.jpg 225w, http:\/\/atramentum.dk\/wp-content\/uploads\/2022\/04\/Tegnebord3-1152x1536.jpg 1152w, http:\/\/atramentum.dk\/wp-content\/uploads\/2022\/04\/Tegnebord3-1536x2048.jpg 1536w, http:\/\/atramentum.dk\/wp-content\/uploads\/2022\/04\/Tegnebord3-scaled.jpg 1920w\" sizes=\"auto, (max-width: 767px) 89vw, (max-width: 1000px) 54vw, (max-width: 1071px) 543px, 580px\" \/><\/figure>\n<\/figure>\n\n\n\n<div class=\"wp-block-group is-vertical is-layout-flex wp-container-core-group-is-layout-8cf370e7 wp-block-group-is-layout-flex\"><\/div>\n\n\n\n<h2 class=\"wp-block-heading\"><strong>Chico<\/strong> 2023 \ud83e\udde8<br><\/h2>\n\n\n\n<p>Denne lille &#8220;dynamitstang&#8221; &#8211; med en kampv\u00e6gt p\u00e5 knap to kilo &#8211; har f\u00e5et til opgave at udfylde det enorme tomrum, som Amigo efterlod denne vinter.<\/p>\n\n\n\n<p>Min lille makker, som har f\u00e5et navnet Chico (p\u00e5 spansk: lille dreng), er det k\u00e6rligste og mest tillidsfulde v\u00e6sen.<\/p>\n\n\n\n<p class=\"has-medium-font-size\">\u2764\ufe0f<\/p>\n\n\n\n<figure class=\"wp-block-gallery has-nested-images columns-default is-cropped wp-block-gallery-3 is-layout-flex wp-block-gallery-is-layout-flex\">\n<figure class=\"wp-block-image size-large\"><img loading=\"lazy\" decoding=\"async\" width=\"724\" height=\"1024\" data-id=\"384\" src=\"http:\/\/atramentum.dk\/wp-content\/uploads\/2023\/04\/Untitled-Artwork-1-724x1024.jpg\" alt=\"\" class=\"wp-image-384\" srcset=\"http:\/\/atramentum.dk\/wp-content\/uploads\/2023\/04\/Untitled-Artwork-1-724x1024.jpg 724w, http:\/\/atramentum.dk\/wp-content\/uploads\/2023\/04\/Untitled-Artwork-1-212x300.jpg 212w, http:\/\/atramentum.dk\/wp-content\/uploads\/2023\/04\/Untitled-Artwork-1-768x1086.jpg 768w, http:\/\/atramentum.dk\/wp-content\/uploads\/2023\/04\/Untitled-Artwork-1-1086x1536.jpg 1086w, http:\/\/atramentum.dk\/wp-content\/uploads\/2023\/04\/Untitled-Artwork-1-1448x2048.jpg 1448w, http:\/\/atramentum.dk\/wp-content\/uploads\/2023\/04\/Untitled-Artwork-1-scaled.jpg 1810w\" sizes=\"auto, (max-width: 724px) 100vw, 724px\" \/><\/figure>\n<\/figure>\n\n\n\n<figure class=\"wp-block-image size-large\"><img loading=\"lazy\" decoding=\"async\" width=\"1024\" height=\"821\" src=\"http:\/\/atramentum.dk\/wp-content\/uploads\/2023\/04\/IMG-4363-1024x821.jpg\" alt=\"\" class=\"wp-image-386\" srcset=\"http:\/\/atramentum.dk\/wp-content\/uploads\/2023\/04\/IMG-4363-1024x821.jpg 1024w, http:\/\/atramentum.dk\/wp-content\/uploads\/2023\/04\/IMG-4363-300x240.jpg 300w, http:\/\/atramentum.dk\/wp-content\/uploads\/2023\/04\/IMG-4363-768x616.jpg 768w, http:\/\/atramentum.dk\/wp-content\/uploads\/2023\/04\/IMG-4363.jpg 1124w\" sizes=\"auto, (max-width: 767px) 89vw, (max-width: 1000px) 54vw, (max-width: 1071px) 543px, 580px\" \/><\/figure>\n\n\n\n<figure class=\"wp-block-gallery has-nested-images columns-default is-cropped wp-block-gallery-4 is-layout-flex wp-block-gallery-is-layout-flex\">\n<figure class=\"wp-block-image size-large\"><img loading=\"lazy\" decoding=\"async\" width=\"544\" height=\"1024\" data-id=\"390\" src=\"http:\/\/atramentum.dk\/wp-content\/uploads\/2023\/04\/IMG-4377-544x1024.jpg\" alt=\"\" class=\"wp-image-390\" srcset=\"http:\/\/atramentum.dk\/wp-content\/uploads\/2023\/04\/IMG-4377-544x1024.jpg 544w, http:\/\/atramentum.dk\/wp-content\/uploads\/2023\/04\/IMG-4377-159x300.jpg 159w, http:\/\/atramentum.dk\/wp-content\/uploads\/2023\/04\/IMG-4377-768x1446.jpg 768w, http:\/\/atramentum.dk\/wp-content\/uploads\/2023\/04\/IMG-4377-816x1536.jpg 816w, http:\/\/atramentum.dk\/wp-content\/uploads\/2023\/04\/IMG-4377.jpg 860w\" sizes=\"auto, (max-width: 544px) 100vw, 544px\" \/><\/figure>\n<\/figure>\n\n\n\n<figure class=\"wp-block-image size-full\"><img loading=\"lazy\" decoding=\"async\" width=\"1022\" height=\"832\" src=\"http:\/\/atramentum.dk\/wp-content\/uploads\/2023\/07\/CHI2.jpg\" alt=\"\" class=\"wp-image-433\" srcset=\"http:\/\/atramentum.dk\/wp-content\/uploads\/2023\/07\/CHI2.jpg 1022w, http:\/\/atramentum.dk\/wp-content\/uploads\/2023\/07\/CHI2-300x244.jpg 300w, http:\/\/atramentum.dk\/wp-content\/uploads\/2023\/07\/CHI2-768x625.jpg 768w\" sizes=\"auto, (max-width: 767px) 89vw, (max-width: 1000px) 54vw, (max-width: 1071px) 543px, 580px\" \/><\/figure>\n\n\n\n<div class=\"wp-block-group\"><div class=\"wp-block-group__inner-container is-layout-constrained wp-block-group-is-layout-constrained\">\n<figure class=\"wp-block-gallery has-nested-images columns-default is-cropped wp-block-gallery-5 is-layout-flex wp-block-gallery-is-layout-flex\">\n<figure class=\"wp-block-image size-full\"><img loading=\"lazy\" decoding=\"async\" width=\"771\" height=\"1167\" data-id=\"432\" src=\"http:\/\/atramentum.dk\/wp-content\/uploads\/2023\/07\/IMG-4823.jpg\" alt=\"\" class=\"wp-image-432\" srcset=\"http:\/\/atramentum.dk\/wp-content\/uploads\/2023\/07\/IMG-4823.jpg 771w, http:\/\/atramentum.dk\/wp-content\/uploads\/2023\/07\/IMG-4823-198x300.jpg 198w, http:\/\/atramentum.dk\/wp-content\/uploads\/2023\/07\/IMG-4823-677x1024.jpg 677w, http:\/\/atramentum.dk\/wp-content\/uploads\/2023\/07\/IMG-4823-768x1162.jpg 768w\" sizes=\"auto, (max-width: 767px) 89vw, (max-width: 1000px) 54vw, (max-width: 1071px) 543px, 580px\" \/><\/figure>\n<\/figure>\n<\/div><\/div>\n\n\n\n<figure class=\"wp-block-gallery has-nested-images columns-default is-cropped wp-block-gallery-6 is-layout-flex wp-block-gallery-is-layout-flex\">\n<figure class=\"wp-block-image size-full is-style-default\"><img loading=\"lazy\" decoding=\"async\" width=\"669\" height=\"882\" data-id=\"429\" src=\"http:\/\/atramentum.dk\/wp-content\/uploads\/2023\/07\/2.jpg\" alt=\"\" class=\"wp-image-429\" srcset=\"http:\/\/atramentum.dk\/wp-content\/uploads\/2023\/07\/2.jpg 669w, http:\/\/atramentum.dk\/wp-content\/uploads\/2023\/07\/2-228x300.jpg 228w\" sizes=\"auto, (max-width: 669px) 100vw, 669px\" \/><\/figure>\n<\/figure>\n\n\n\n<figure class=\"wp-block-image size-large\"><img loading=\"lazy\" decoding=\"async\" width=\"757\" height=\"1024\" src=\"http:\/\/atramentum.dk\/wp-content\/uploads\/2023\/07\/CHI1-757x1024.jpg\" alt=\"\" class=\"wp-image-434\" srcset=\"http:\/\/atramentum.dk\/wp-content\/uploads\/2023\/07\/CHI1-757x1024.jpg 757w, http:\/\/atramentum.dk\/wp-content\/uploads\/2023\/07\/CHI1-222x300.jpg 222w, http:\/\/atramentum.dk\/wp-content\/uploads\/2023\/07\/CHI1-768x1039.jpg 768w, http:\/\/atramentum.dk\/wp-content\/uploads\/2023\/07\/CHI1.jpg 810w\" sizes=\"auto, (max-width: 706px) 89vw, (max-width: 767px) 82vw, 740px\" \/><\/figure>\n\n\n\n<div class=\"wp-block-group\"><div class=\"wp-block-group__inner-container is-layout-constrained wp-block-group-is-layout-constrained\">\n<figure class=\"wp-block-image size-large\"><img loading=\"lazy\" decoding=\"async\" width=\"1024\" height=\"742\" src=\"http:\/\/atramentum.dk\/wp-content\/uploads\/2023\/07\/IMG_E4562-1024x742.jpg\" alt=\"\" class=\"wp-image-435\" srcset=\"http:\/\/atramentum.dk\/wp-content\/uploads\/2023\/07\/IMG_E4562-1024x742.jpg 1024w, http:\/\/atramentum.dk\/wp-content\/uploads\/2023\/07\/IMG_E4562-300x217.jpg 300w, http:\/\/atramentum.dk\/wp-content\/uploads\/2023\/07\/IMG_E4562-768x556.jpg 768w, http:\/\/atramentum.dk\/wp-content\/uploads\/2023\/07\/IMG_E4562.jpg 1102w\" sizes=\"auto, (max-width: 767px) 89vw, (max-width: 1000px) 54vw, (max-width: 1071px) 543px, 580px\" \/><\/figure>\n\n\n\n<figure class=\"wp-block-image size-full\"><img loading=\"lazy\" decoding=\"async\" width=\"715\" height=\"882\" src=\"http:\/\/atramentum.dk\/wp-content\/uploads\/2023\/07\/0.jpg\" alt=\"\" class=\"wp-image-436\" srcset=\"http:\/\/atramentum.dk\/wp-content\/uploads\/2023\/07\/0.jpg 715w, http:\/\/atramentum.dk\/wp-content\/uploads\/2023\/07\/0-243x300.jpg 243w\" sizes=\"auto, (max-width: 715px) 100vw, 715px\" \/><\/figure>\n<\/div><\/div>\n\n\n\n<figure class=\"wp-block-image size-full\"><img loading=\"lazy\" decoding=\"async\" width=\"383\" height=\"967\" src=\"http:\/\/atramentum.dk\/wp-content\/uploads\/2023\/07\/IMG-4824.jpg\" alt=\"\" class=\"wp-image-437\" srcset=\"http:\/\/atramentum.dk\/wp-content\/uploads\/2023\/07\/IMG-4824.jpg 383w, http:\/\/atramentum.dk\/wp-content\/uploads\/2023\/07\/IMG-4824-119x300.jpg 119w\" sizes=\"auto, (max-width: 383px) 100vw, 383px\" \/><\/figure>\n\n\n\n<figure class=\"wp-block-image size-large\"><img loading=\"lazy\" decoding=\"async\" width=\"1024\" height=\"1000\" src=\"http:\/\/atramentum.dk\/wp-content\/uploads\/2023\/07\/IMG_E4560-1024x1000.jpg\" alt=\"\" class=\"wp-image-438\" srcset=\"http:\/\/atramentum.dk\/wp-content\/uploads\/2023\/07\/IMG_E4560-1024x1000.jpg 1024w, http:\/\/atramentum.dk\/wp-content\/uploads\/2023\/07\/IMG_E4560-300x293.jpg 300w, http:\/\/atramentum.dk\/wp-content\/uploads\/2023\/07\/IMG_E4560-768x750.jpg 768w, http:\/\/atramentum.dk\/wp-content\/uploads\/2023\/07\/IMG_E4560.jpg 1091w\" sizes=\"auto, (max-width: 767px) 89vw, (max-width: 1000px) 54vw, (max-width: 1071px) 543px, 580px\" \/><\/figure>\n\n\n\n<figure class=\"wp-block-image size-full\"><img loading=\"lazy\" decoding=\"async\" width=\"866\" height=\"882\" src=\"http:\/\/atramentum.dk\/wp-content\/uploads\/2023\/07\/1-1.jpg\" alt=\"\" class=\"wp-image-439\" srcset=\"http:\/\/atramentum.dk\/wp-content\/uploads\/2023\/07\/1-1.jpg 866w, http:\/\/atramentum.dk\/wp-content\/uploads\/2023\/07\/1-1-295x300.jpg 295w, http:\/\/atramentum.dk\/wp-content\/uploads\/2023\/07\/1-1-768x782.jpg 768w\" sizes=\"auto, (max-width: 767px) 89vw, (max-width: 1000px) 54vw, (max-width: 1071px) 543px, 580px\" \/><\/figure>\n\n\n\n<figure class=\"wp-block-image size-large\"><img loading=\"lazy\" decoding=\"async\" width=\"994\" height=\"1024\" src=\"http:\/\/atramentum.dk\/wp-content\/uploads\/2023\/07\/Chico23042023-1-994x1024.jpg\" alt=\"\" class=\"wp-image-440\" srcset=\"http:\/\/atramentum.dk\/wp-content\/uploads\/2023\/07\/Chico23042023-1-994x1024.jpg 994w, http:\/\/atramentum.dk\/wp-content\/uploads\/2023\/07\/Chico23042023-1-291x300.jpg 291w, http:\/\/atramentum.dk\/wp-content\/uploads\/2023\/07\/Chico23042023-1-768x791.jpg 768w, http:\/\/atramentum.dk\/wp-content\/uploads\/2023\/07\/Chico23042023-1.jpg 1099w\" sizes=\"auto, (max-width: 767px) 89vw, (max-width: 1000px) 54vw, (max-width: 1071px) 543px, 580px\" \/><\/figure>\n\n\n\n<figure class=\"wp-block-image size-full\"><img loading=\"lazy\" decoding=\"async\" width=\"608\" height=\"1014\" src=\"http:\/\/atramentum.dk\/wp-content\/uploads\/2023\/07\/CHI3-1.jpg\" alt=\"\" class=\"wp-image-441\" srcset=\"http:\/\/atramentum.dk\/wp-content\/uploads\/2023\/07\/CHI3-1.jpg 608w, http:\/\/atramentum.dk\/wp-content\/uploads\/2023\/07\/CHI3-1-180x300.jpg 180w\" sizes=\"auto, (max-width: 608px) 100vw, 608px\" \/><\/figure>\n\n\n\n\n\n<figure class=\"wp-block-image size-full\"><img loading=\"lazy\" decoding=\"async\" width=\"774\" height=\"1033\" src=\"http:\/\/atramentum.dk\/wp-content\/uploads\/2023\/07\/unnamed.jpg\" alt=\"\" class=\"wp-image-442\" srcset=\"http:\/\/atramentum.dk\/wp-content\/uploads\/2023\/07\/unnamed.jpg 774w, http:\/\/atramentum.dk\/wp-content\/uploads\/2023\/07\/unnamed-225x300.jpg 225w, http:\/\/atramentum.dk\/wp-content\/uploads\/2023\/07\/unnamed-767x1024.jpg 767w, http:\/\/atramentum.dk\/wp-content\/uploads\/2023\/07\/unnamed-768x1025.jpg 768w\" sizes=\"auto, (max-width: 767px) 89vw, (max-width: 1000px) 54vw, (max-width: 1071px) 543px, 580px\" \/><\/figure>\n\n\n\n<figure class=\"wp-block-image size-large\"><img loading=\"lazy\" decoding=\"async\" width=\"775\" height=\"1024\" src=\"http:\/\/atramentum.dk\/wp-content\/uploads\/2024\/01\/Chico-til-Atramentum-775x1024.jpg\" alt=\"\" class=\"wp-image-623\" srcset=\"http:\/\/atramentum.dk\/wp-content\/uploads\/2024\/01\/Chico-til-Atramentum-775x1024.jpg 775w, http:\/\/atramentum.dk\/wp-content\/uploads\/2024\/01\/Chico-til-Atramentum-227x300.jpg 227w, http:\/\/atramentum.dk\/wp-content\/uploads\/2024\/01\/Chico-til-Atramentum-768x1015.jpg 768w, http:\/\/atramentum.dk\/wp-content\/uploads\/2024\/01\/Chico-til-Atramentum.jpg 1124w\" sizes=\"auto, (max-width: 767px) 89vw, (max-width: 1000px) 54vw, (max-width: 1071px) 543px, 580px\" \/><\/figure>\n\n\n\n<figure class=\"wp-block-image size-large\"><img loading=\"lazy\" decoding=\"async\" width=\"552\" height=\"1024\" src=\"http:\/\/atramentum.dk\/wp-content\/uploads\/2024\/05\/KMO020524-552x1024.jpg\" alt=\"\" class=\"wp-image-687\" srcset=\"http:\/\/atramentum.dk\/wp-content\/uploads\/2024\/05\/KMO020524-552x1024.jpg 552w, http:\/\/atramentum.dk\/wp-content\/uploads\/2024\/05\/KMO020524-162x300.jpg 162w, http:\/\/atramentum.dk\/wp-content\/uploads\/2024\/05\/KMO020524.jpg 715w\" sizes=\"auto, (max-width: 552px) 100vw, 552px\" \/><\/figure>\n","protected":false},"excerpt":{"rendered":"<p>Kirsten og Chico Maratonl\u00f8b nummer 14 \ud83d\ude0e\ud83d\ude43 Chico 2023 \ud83e\udde8 Denne lille &#8220;dynamitstang&#8221; &#8211; med en kampv\u00e6gt p\u00e5 knap to kilo &#8211; har f\u00e5et til opgave at udfylde det enorme tomrum, som Amigo efterlod denne vinter. Min lille makker, som har f\u00e5et navnet Chico (p\u00e5 spansk: lille dreng), er det k\u00e6rligste og mest tillidsfulde v\u00e6sen. &hellip; <\/p>\n<p class=\"link-more\"><a href=\"http:\/\/atramentum.dk\/?page_id=57\" class=\"more-link\">L\u00e6s videre<span class=\"screen-reader-text\"> &#8220;Kirsten \ud83e\udd8a&#8221;<\/span><\/a><\/p>\n","protected":false},"author":1,"featured_media":0,"parent":0,"menu_order":0,"comment_status":"closed","ping_status":"closed","template":"","meta":{"footnotes":""},"class_list":["post-57","page","type-page","status-publish","hentry"],"_links":{"self":[{"href":"http:\/\/atramentum.dk\/index.php?rest_route=\/wp\/v2\/pages\/57","targetHints":{"allow":["GET"]}}],"collection":[{"href":"http:\/\/atramentum.dk\/index.php?rest_route=\/wp\/v2\/pages"}],"about":[{"href":"http:\/\/atramentum.dk\/index.php?rest_route=\/wp\/v2\/types\/page"}],"author":[{"embeddable":true,"href":"http:\/\/atramentum.dk\/index.php?rest_route=\/wp\/v2\/users\/1"}],"replies":[{"embeddable":true,"href":"http:\/\/atramentum.dk\/index.php?rest_route=%2Fwp%2Fv2%2Fcomments&post=57"}],"version-history":[{"count":0,"href":"http:\/\/atramentum.dk\/index.php?rest_route=\/wp\/v2\/pages\/57\/revisions"}],"wp:attachment":[{"href":"http:\/\/atramentum.dk\/index.php?rest_route=%2Fwp%2Fv2%2Fmedia&parent=57"}],"curies":[{"name":"wp","href":"https:\/\/api.w.org\/{rel}","templated":true}]}}